{"id":6920,"date":"2025-08-23T15:59:52","date_gmt":"2025-08-23T15:59:52","guid":{"rendered":"https:\/\/almadina-technology.com\/product\/sac-a-dos-lenovo-thinkpad-professional-156-4x40q26383\/"},"modified":"2025-09-28T01:40:16","modified_gmt":"2025-09-28T01:40:16","slug":"sac-a-dos-lenovo-thinkpad-professional-156-4x40q26383","status":"publish","type":"product","link":"https:\/\/almadina-technology.com\/?product=sac-a-dos-lenovo-thinkpad-professional-156-4x40q26383","title":{"rendered":"SAC \u00c0 DOS LENOVO THINKPAD PROFESSIONAL 15,6&#8243; (4X40Q26383)"},"content":{"rendered":"","protected":false},"excerpt":{"rendered":"<p>Rightech est votre boutique en ligne au Maroc pour du mat\u00e9riel informatique, des solutions \u00e9ducatives, des \u00e9quipements de s\u00e9curit\u00e9 et bien plus encore.<\/p>\n","protected":false},"featured_media":6918,"comment_status":"open","ping_status":"closed","template":"","meta":{"advanced_seo_description":"","jetpack_seo_html_title":"","jetpack_seo_noindex":false},"product_brand":[405],"product_cat":[152],"product_tag":[],"class_list":{"0":"post-6920","1":"product","2":"type-product","3":"status-publish","4":"has-post-thumbnail","6":"product_brand-lenovo","7":"product_cat-bags-satchel","9":"first","10":"instock","11":"shipping-taxable","12":"purchasable","13":"product-type-simple"},"jetpack_sharing_enabled":true,"_links":{"self":[{"href":"https:\/\/almadina-technology.com\/index.php?rest_route=\/wp\/v2\/product\/6920","targetHints":{"allow":["GET"]}}],"collection":[{"href":"https:\/\/almadina-technology.com\/index.php?rest_route=\/wp\/v2\/product"}],"about":[{"href":"https:\/\/almadina-technology.com\/index.php?rest_route=\/wp\/v2\/types\/product"}],"replies":[{"embeddable":true,"href":"https:\/\/almadina-technology.com\/index.php?rest_route=%2Fwp%2Fv2%2Fcomments&post=6920"}],"wp:featuredmedia":[{"embeddable":true,"href":"https:\/\/almadina-technology.com\/index.php?rest_route=\/wp\/v2\/media\/6918"}],"wp:attachment":[{"href":"https:\/\/almadina-technology.com\/index.php?rest_route=%2Fwp%2Fv2%2Fmedia&parent=6920"}],"wp:term":[{"taxonomy":"product_brand","embeddable":true,"href":"https:\/\/almadina-technology.com\/index.php?rest_route=%2Fwp%2Fv2%2Fproduct_brand&post=6920"},{"taxonomy":"product_cat","embeddable":true,"href":"https:\/\/almadina-technology.com\/index.php?rest_route=%2Fwp%2Fv2%2Fproduct_cat&post=6920"},{"taxonomy":"product_tag","embeddable":true,"href":"https:\/\/almadina-technology.com\/index.php?rest_route=%2Fwp%2Fv2%2Fproduct_tag&post=6920"}],"curies":[{"name":"wp","href":"https:\/\/api.w.org\/{rel}","templated":true}]}}