{"id":6571,"date":"2025-08-23T15:52:36","date_gmt":"2025-08-23T15:52:36","guid":{"rendered":"https:\/\/almadina-technology.com\/product\/sacoche-lenovo-t210-pour-ordinateurs-portables-156-gx40q17229\/"},"modified":"2025-09-28T00:49:53","modified_gmt":"2025-09-28T00:49:53","slug":"sacoche-lenovo-t210-pour-ordinateurs-portables-156-gx40q17229","status":"publish","type":"product","link":"https:\/\/almadina-technology.com\/?product=sacoche-lenovo-t210-pour-ordinateurs-portables-156-gx40q17229","title":{"rendered":"SACOCHE LENOVO T210 POUR ORDINATEURS PORTABLES 15,6&#8243; (GX40Q17229)"},"content":{"rendered":"<ul>\n<li>\u00c9tui pour ordinateur portable parfaitement adapt\u00e9 \u00e0 la vie moderne. S&#8217;adapte \u00e0 la plupart des ordinateurs portables jusqu&#8217;\u00e0 15,6&#8243;,\u00a0une gamme de poches internes pour ces accessoires indispensables, et un livre principal compartiment spacieux et d&#8217;autres articles<\/li>\n<\/ul>\n","protected":false},"excerpt":{"rendered":"<p>\u00c9tui pour ordinateur portable parfaitement adapt\u00e9 \u00e0 la vie moderne. S&#8217;adapte \u00e0 la plupart des ordinateurs portables jusqu&#8217;\u00e0 15,6&#8243;,\u00a0une gamme de poches internes pour ces accessoires indispensables, et un livre principal compartiment spacieux et d&#8217;autres articles<\/p>\n","protected":false},"featured_media":6570,"comment_status":"open","ping_status":"closed","template":"","meta":{"advanced_seo_description":"","jetpack_seo_html_title":"","jetpack_seo_noindex":false},"product_brand":[405],"product_cat":[152],"product_tag":[],"class_list":{"0":"post-6571","1":"product","2":"type-product","3":"status-publish","4":"has-post-thumbnail","6":"product_brand-lenovo","7":"product_cat-bags-satchel","9":"first","10":"instock","11":"shipping-taxable","12":"purchasable","13":"product-type-simple"},"jetpack_sharing_enabled":true,"_links":{"self":[{"href":"https:\/\/almadina-technology.com\/index.php?rest_route=\/wp\/v2\/product\/6571","targetHints":{"allow":["GET"]}}],"collection":[{"href":"https:\/\/almadina-technology.com\/index.php?rest_route=\/wp\/v2\/product"}],"about":[{"href":"https:\/\/almadina-technology.com\/index.php?rest_route=\/wp\/v2\/types\/product"}],"replies":[{"embeddable":true,"href":"https:\/\/almadina-technology.com\/index.php?rest_route=%2Fwp%2Fv2%2Fcomments&post=6571"}],"wp:featuredmedia":[{"embeddable":true,"href":"https:\/\/almadina-technology.com\/index.php?rest_route=\/wp\/v2\/media\/6570"}],"wp:attachment":[{"href":"https:\/\/almadina-technology.com\/index.php?rest_route=%2Fwp%2Fv2%2Fmedia&parent=6571"}],"wp:term":[{"taxonomy":"product_brand","embeddable":true,"href":"https:\/\/almadina-technology.com\/index.php?rest_route=%2Fwp%2Fv2%2Fproduct_brand&post=6571"},{"taxonomy":"product_cat","embeddable":true,"href":"https:\/\/almadina-technology.com\/index.php?rest_route=%2Fwp%2Fv2%2Fproduct_cat&post=6571"},{"taxonomy":"product_tag","embeddable":true,"href":"https:\/\/almadina-technology.com\/index.php?rest_route=%2Fwp%2Fv2%2Fproduct_tag&post=6571"}],"curies":[{"name":"wp","href":"https:\/\/api.w.org\/{rel}","templated":true}]}}