{"id":5889,"date":"2025-08-23T14:57:24","date_gmt":"2025-08-23T14:57:24","guid":{"rendered":"https:\/\/almadina-technology.com\/product\/ordinateur-portable-gaming-hp-pavilion-15-dk1006nk-27z72ea\/"},"modified":"2025-09-27T16:30:12","modified_gmt":"2025-09-27T16:30:12","slug":"ordinateur-portable-gaming-hp-pavilion-15-dk1006nk-27z72ea","status":"publish","type":"product","link":"https:\/\/almadina-technology.com\/?product=ordinateur-portable-gaming-hp-pavilion-15-dk1006nk-27z72ea","title":{"rendered":"ORDINATEUR PORTABLE GAMING HP PAVILION 15-DK1006NK (27Z72EA)"},"content":{"rendered":"<ul>\n<li>Processeur: Intel\u00ae Core\u2122 i7-10750H (2,6 GHz de fr\u00e9quence de base, jusqu&#8217;\u00e0 5,0 GHz avec technologie Intel\u00ae Turbo Boost, m\u00e9moire cache 12 Mo L3, 6 c\u0153urs)<\/li>\n<li>M\u00e9moire RAM: SDRAM DDR4-2933 16 Go (2 x 8 Go)<\/li>\n<li>Disque dur: 128 GB (SSD) + 1 TB (HDD) &#8211; SSD PCIe\u00ae NVMe\u2122 M.2 + HDD &#8211; 5400 tours\/min<\/li>\n<li>\u00c9cran: Full HD d\u2019une diagonale de 39,6 cm (15,6 pouces) (1920 x 1080), IPS, micro-bord, antireflet, 250 nits, 45 % NTSC<\/li>\n<li>Carte graphique: D\u00e9di\u00e9: Carte graphique NVIDIA\u00ae GeForce\u00ae GTX 1650 (m\u00e9moire GDDR6 4 Go d\u00e9di\u00e9e)<\/li>\n<li>Syst\u00e8me d&#8217;exploitation: Windows 10 Famille 64<\/li>\n<li>Clavier: Noir c\u00e9leste, r\u00e9tro\u00e9clair\u00e9 vert acidul\u00e9, de grande taille avec pav\u00e9 num\u00e9rique, fran\u00e7ais (AZERTY)<\/li>\n<\/ul>\n","protected":false},"excerpt":{"rendered":"<p>Processeur: Intel\u00ae Core\u2122 i7-10750H (2,6 GHz de fr\u00e9quence de base, jusqu&#8217;\u00e0 5,0 GHz avec technologie Intel\u00ae Turbo Boost, m\u00e9moire cache 12 Mo L3, 6 c\u0153urs) M\u00e9moire RAM: SDRAM DDR4-2933 16 Go (2 x 8 Go) Disque dur: 128 GB (SSD) + 1 TB (HDD) &#8211; SSD PCIe\u00ae NVMe\u2122 M.2 + HDD &#8211; 5400 tours\/min \u00c9cran:<\/p>\n<div class=\"klb-readmore entry-button\"><a class=\"btn read-more\" href=\"https:\/\/almadina-technology.com\/?product=ordinateur-portable-gaming-hp-pavilion-15-dk1006nk-27z72ea\">Read More<\/a><\/div>\n","protected":false},"featured_media":5887,"comment_status":"open","ping_status":"closed","template":"","meta":{"advanced_seo_description":"","jetpack_seo_html_title":"","jetpack_seo_noindex":false},"product_brand":[400],"product_cat":[140],"product_tag":[],"class_list":{"0":"post-5889","1":"product","2":"type-product","3":"status-publish","4":"has-post-thumbnail","6":"product_brand-hp","7":"product_cat-gaming-laptops","9":"first","10":"instock","11":"shipping-taxable","12":"purchasable","13":"product-type-simple"},"jetpack_sharing_enabled":true,"_links":{"self":[{"href":"https:\/\/almadina-technology.com\/index.php?rest_route=\/wp\/v2\/product\/5889","targetHints":{"allow":["GET"]}}],"collection":[{"href":"https:\/\/almadina-technology.com\/index.php?rest_route=\/wp\/v2\/product"}],"about":[{"href":"https:\/\/almadina-technology.com\/index.php?rest_route=\/wp\/v2\/types\/product"}],"replies":[{"embeddable":true,"href":"https:\/\/almadina-technology.com\/index.php?rest_route=%2Fwp%2Fv2%2Fcomments&post=5889"}],"wp:featuredmedia":[{"embeddable":true,"href":"https:\/\/almadina-technology.com\/index.php?rest_route=\/wp\/v2\/media\/5887"}],"wp:attachment":[{"href":"https:\/\/almadina-technology.com\/index.php?rest_route=%2Fwp%2Fv2%2Fmedia&parent=5889"}],"wp:term":[{"taxonomy":"product_brand","embeddable":true,"href":"https:\/\/almadina-technology.com\/index.php?rest_route=%2Fwp%2Fv2%2Fproduct_brand&post=5889"},{"taxonomy":"product_cat","embeddable":true,"href":"https:\/\/almadina-technology.com\/index.php?rest_route=%2Fwp%2Fv2%2Fproduct_cat&post=5889"},{"taxonomy":"product_tag","embeddable":true,"href":"https:\/\/almadina-technology.com\/index.php?rest_route=%2Fwp%2Fv2%2Fproduct_tag&post=5889"}],"curies":[{"name":"wp","href":"https:\/\/api.w.org\/{rel}","templated":true}]}}