{"id":5315,"date":"2025-08-23T14:38:01","date_gmt":"2025-08-23T14:38:01","guid":{"rendered":"https:\/\/almadina-technology.com\/product\/pc-portable-convertible-hp-envy-x360-13-bf0055nf-6j7y8ea\/"},"modified":"2025-09-27T15:49:57","modified_gmt":"2025-09-27T15:49:57","slug":"pc-portable-convertible-hp-envy-x360-13-bf0055nf-6j7y8ea","status":"publish","type":"product","link":"https:\/\/almadina-technology.com\/?product=pc-portable-convertible-hp-envy-x360-13-bf0055nf-6j7y8ea","title":{"rendered":"PC PORTABLE CONVERTIBLE HP ENVY X360 13-BF0055NF (6J7Y8EA)"},"content":{"rendered":"<ul>\n<li>Intel\u00ae Core\u2122 i5-1230U (jusqu\u2019\u00e0 4,4 GHz avec la technologie Intel\u00ae Turbo Boost, m\u00e9moire cache L3 12 Mo, 10 c\u0153urs, 12 threads)<\/li>\n<li>RAM: M\u00e9moire SDRAM LPDDR4x-4266 8 Go (int\u00e9gr\u00e9e)<\/li>\n<li>Disque dur: SSD 512 GB PCIe\u00ae NVMe\u2122 TLC M.2<\/li>\n<li>\u00c9cran: Full HD multi-tactile 13,3 pouces (1920 x 1200), IPS, verre bord \u00e0 bord, micro-bords, Corning\u00ae Gorilla\u00ae Glass NBT\u2122, 400 nits, 1 100 % sRVB<\/li>\n<li>Carte graphique: Int\u00e9gr\u00e9<\/li>\n<li>Windows 11 Famille<\/li>\n<li>Clavier: Argent naturel, r\u00e9tro\u00e9clair\u00e9, de grande taille, Fran\u00e7ais (AZERTY)<\/li>\n<\/ul>\n","protected":false},"excerpt":{"rendered":"<p>Intel\u00ae Core\u2122 i5-1230U (jusqu\u2019\u00e0 4,4 GHz avec la technologie Intel\u00ae Turbo Boost, m\u00e9moire cache L3 12 Mo, 10 c\u0153urs, 12 threads) RAM: M\u00e9moire SDRAM LPDDR4x-4266 8 Go (int\u00e9gr\u00e9e) Disque dur: SSD 512 GB PCIe\u00ae NVMe\u2122 TLC M.2 \u00c9cran: Full HD multi-tactile 13,3 pouces (1920 x 1200), IPS, verre bord \u00e0 bord, micro-bords, Corning\u00ae Gorilla\u00ae Glass<\/p>\n<div class=\"klb-readmore entry-button\"><a class=\"btn read-more\" href=\"https:\/\/almadina-technology.com\/?product=pc-portable-convertible-hp-envy-x360-13-bf0055nf-6j7y8ea\">Read More<\/a><\/div>\n","protected":false},"featured_media":5313,"comment_status":"open","ping_status":"closed","template":"","meta":{"advanced_seo_description":"","jetpack_seo_html_title":"","jetpack_seo_noindex":false},"product_brand":[400],"product_cat":[161],"product_tag":[],"class_list":{"0":"post-5315","1":"product","2":"type-product","3":"status-publish","4":"has-post-thumbnail","6":"product_brand-hp","7":"product_cat-2-in-1-convertible-pc","9":"first","10":"outofstock","11":"shipping-taxable","12":"purchasable","13":"product-type-simple"},"jetpack_sharing_enabled":true,"_links":{"self":[{"href":"https:\/\/almadina-technology.com\/index.php?rest_route=\/wp\/v2\/product\/5315","targetHints":{"allow":["GET"]}}],"collection":[{"href":"https:\/\/almadina-technology.com\/index.php?rest_route=\/wp\/v2\/product"}],"about":[{"href":"https:\/\/almadina-technology.com\/index.php?rest_route=\/wp\/v2\/types\/product"}],"replies":[{"embeddable":true,"href":"https:\/\/almadina-technology.com\/index.php?rest_route=%2Fwp%2Fv2%2Fcomments&post=5315"}],"wp:featuredmedia":[{"embeddable":true,"href":"https:\/\/almadina-technology.com\/index.php?rest_route=\/wp\/v2\/media\/5313"}],"wp:attachment":[{"href":"https:\/\/almadina-technology.com\/index.php?rest_route=%2Fwp%2Fv2%2Fmedia&parent=5315"}],"wp:term":[{"taxonomy":"product_brand","embeddable":true,"href":"https:\/\/almadina-technology.com\/index.php?rest_route=%2Fwp%2Fv2%2Fproduct_brand&post=5315"},{"taxonomy":"product_cat","embeddable":true,"href":"https:\/\/almadina-technology.com\/index.php?rest_route=%2Fwp%2Fv2%2Fproduct_cat&post=5315"},{"taxonomy":"product_tag","embeddable":true,"href":"https:\/\/almadina-technology.com\/index.php?rest_route=%2Fwp%2Fv2%2Fproduct_tag&post=5315"}],"curies":[{"name":"wp","href":"https:\/\/api.w.org\/{rel}","templated":true}]}}