{"id":5311,"date":"2025-08-23T14:38:01","date_gmt":"2025-08-23T14:38:01","guid":{"rendered":"https:\/\/almadina-technology.com\/product\/ordinateur-portable-hp-envy-x360-convert-13-ay0009nk-3y221ea\/"},"modified":"2025-09-27T15:50:19","modified_gmt":"2025-09-27T15:50:19","slug":"ordinateur-portable-hp-envy-x360-convert-13-ay0009nk-3y221ea","status":"publish","type":"product","link":"https:\/\/almadina-technology.com\/?product=ordinateur-portable-hp-envy-x360-convert-13-ay0009nk-3y221ea","title":{"rendered":"ORDINATEUR PORTABLE HP ENVY X360 CONVERT 13-ay0009nk (3Y221EA)"},"content":{"rendered":"<ul>\n<li>processeur: AMD Ryzen\u2122 5 4500U(fr\u00e9quence de base 2,3 GHz, jusqu\u2019\u00e0 4,0 GHz de fr\u00e9quence Boost maximale, m\u00e9moire cache L3 8 Mo, 6 c\u0153urs)<\/li>\n<li>M\u00e9moire RAM: 8Go DDR4-3200 MHz<\/li>\n<li>Disque dur: 256 Go SSD PCIe\u00ae NVMe \u2122 M.2<\/li>\n<li>Carte graphique: AMD Radeon\u2122 Graphics<\/li>\n<li>Ecran: 13.3&#8243; tactile multipoint FHD IPS, , verre bord \u00e0 bord, micro-bords, 250 nits, 45 % NTSC<\/li>\n<li>1 lecteur de cartes microSD<\/li>\n<li>Wi-Fi\u00ae 802.11a\/b\/g\/n\/ac (2&#215;2) et Bluetooth\u00ae 5<\/li>\n<li>1 port USB Type-C\u00ae, DisplayPort\u2122 1.4, 1 port USB Type-A<\/li>\n<li>Combin\u00e9e casque\/microphone, Cam\u00e9ra HP Wide Vision HD 720p avec microphones num\u00e9riques \u00e0 double entr\u00e9e int\u00e9gr\u00e9e<\/li>\n<li>Syst\u00e8me audio par B&amp;O; Doubles haut-parleurs; HP Audio Boost<\/li>\n<li>Batterie Li-ion 3 cellules 51 Wh<\/li>\n<li>Syst\u00e8me d&#8217;exploitation: Windows 10 Famille 64<\/li>\n<li>Garantie: 1 an<\/li>\n<\/ul>\n","protected":false},"excerpt":{"rendered":"<p>processeur: AMD Ryzen\u2122 5 4500U(fr\u00e9quence de base 2,3 GHz, jusqu\u2019\u00e0 4,0 GHz de fr\u00e9quence Boost maximale, m\u00e9moire cache L3 8 Mo, 6 c\u0153urs) M\u00e9moire RAM: 8Go DDR4-3200 MHz Disque dur: 256 Go SSD PCIe\u00ae NVMe \u2122 M.2 Carte graphique: AMD Radeon\u2122 Graphics Ecran: 13.3&#8243; tactile multipoint FHD IPS, , verre bord \u00e0 bord, micro-bords, 250<\/p>\n<div class=\"klb-readmore entry-button\"><a class=\"btn read-more\" href=\"https:\/\/almadina-technology.com\/?product=ordinateur-portable-hp-envy-x360-convert-13-ay0009nk-3y221ea\">Read More<\/a><\/div>\n","protected":false},"featured_media":5309,"comment_status":"open","ping_status":"closed","template":"","meta":{"advanced_seo_description":"","jetpack_seo_html_title":"","jetpack_seo_noindex":false},"product_brand":[400],"product_cat":[161],"product_tag":[],"class_list":{"0":"post-5311","1":"product","2":"type-product","3":"status-publish","4":"has-post-thumbnail","6":"product_brand-hp","7":"product_cat-2-in-1-convertible-pc","9":"first","10":"outofstock","11":"shipping-taxable","12":"purchasable","13":"product-type-simple"},"jetpack_sharing_enabled":true,"_links":{"self":[{"href":"https:\/\/almadina-technology.com\/index.php?rest_route=\/wp\/v2\/product\/5311","targetHints":{"allow":["GET"]}}],"collection":[{"href":"https:\/\/almadina-technology.com\/index.php?rest_route=\/wp\/v2\/product"}],"about":[{"href":"https:\/\/almadina-technology.com\/index.php?rest_route=\/wp\/v2\/types\/product"}],"replies":[{"embeddable":true,"href":"https:\/\/almadina-technology.com\/index.php?rest_route=%2Fwp%2Fv2%2Fcomments&post=5311"}],"wp:featuredmedia":[{"embeddable":true,"href":"https:\/\/almadina-technology.com\/index.php?rest_route=\/wp\/v2\/media\/5309"}],"wp:attachment":[{"href":"https:\/\/almadina-technology.com\/index.php?rest_route=%2Fwp%2Fv2%2Fmedia&parent=5311"}],"wp:term":[{"taxonomy":"product_brand","embeddable":true,"href":"https:\/\/almadina-technology.com\/index.php?rest_route=%2Fwp%2Fv2%2Fproduct_brand&post=5311"},{"taxonomy":"product_cat","embeddable":true,"href":"https:\/\/almadina-technology.com\/index.php?rest_route=%2Fwp%2Fv2%2Fproduct_cat&post=5311"},{"taxonomy":"product_tag","embeddable":true,"href":"https:\/\/almadina-technology.com\/index.php?rest_route=%2Fwp%2Fv2%2Fproduct_tag&post=5311"}],"curies":[{"name":"wp","href":"https:\/\/api.w.org\/{rel}","templated":true}]}}