{"id":5294,"date":"2025-08-23T14:37:59","date_gmt":"2025-08-23T14:37:59","guid":{"rendered":"https:\/\/almadina-technology.com\/product\/pc-portable-hp-elitebook-x360-1030-g8-336f9ea\/"},"modified":"2025-09-27T15:39:58","modified_gmt":"2025-09-27T15:39:58","slug":"pc-portable-hp-elitebook-x360-1030-g8-336f9ea","status":"publish","type":"product","link":"https:\/\/almadina-technology.com\/?product=pc-portable-hp-elitebook-x360-1030-g8-336f9ea","title":{"rendered":"PC PORTABLE HP ELITEBOOK X360 1030 G8 (336F9EA)"},"content":{"rendered":"<ul>\n<li>Processeur : Intel\u00ae Core\u2122 i7-1165G7 (jusqu\u2019\u00e0 4,7 GHz avec la technologie Intel\u00ae Turbo Boost, m\u00e9moire cache L3 12 Mo, 4 c\u0153urs)<\/li>\n<li>RAM: M\u00e9moire SDRAM LPDDR4x-4266 16 Go (int\u00e9gr\u00e9e)<\/li>\n<li>Disque dur: Disque SSD NVMe\u2122 PCIe\u00ae 512 Go<\/li>\n<li>\u00c9cran: tactile Full HD de 33,8 cm (13,3 pouces) de diagonale (1920 x 1080), IPS, anti-reflet, 400 nits, 72 % NTSC<\/li>\n<li>Carte graphique: Int\u00e9gr\u00e9<\/li>\n<li>Syst\u00e8me d&#8217;exploitation : Windows 10 Professionnel 64<\/li>\n<li>Clavier: HP Premium \u2013 clavier r\u00e9tro\u00e9clair\u00e9 \u00e9tanche Fran\u00e7ais (AZERTY)<\/li>\n<\/ul>\n","protected":false},"excerpt":{"rendered":"<p>Processeur : Intel\u00ae Core\u2122 i7-1165G7 (jusqu\u2019\u00e0 4,7 GHz avec la technologie Intel\u00ae Turbo Boost, m\u00e9moire cache L3 12 Mo, 4 c\u0153urs) RAM: M\u00e9moire SDRAM LPDDR4x-4266 16 Go (int\u00e9gr\u00e9e) Disque dur: Disque SSD NVMe\u2122 PCIe\u00ae 512 Go \u00c9cran: tactile Full HD de 33,8 cm (13,3 pouces) de diagonale (1920 x 1080), IPS, anti-reflet, 400 nits, 72<\/p>\n<div class=\"klb-readmore entry-button\"><a class=\"btn read-more\" href=\"https:\/\/almadina-technology.com\/?product=pc-portable-hp-elitebook-x360-1030-g8-336f9ea\">Read More<\/a><\/div>\n","protected":false},"featured_media":5292,"comment_status":"open","ping_status":"closed","template":"","meta":{"advanced_seo_description":"","jetpack_seo_html_title":"","jetpack_seo_noindex":false},"product_brand":[400],"product_cat":[161],"product_tag":[],"class_list":{"0":"post-5294","1":"product","2":"type-product","3":"status-publish","4":"has-post-thumbnail","6":"product_brand-hp","7":"product_cat-2-in-1-convertible-pc","9":"first","10":"instock","11":"shipping-taxable","12":"purchasable","13":"product-type-simple"},"jetpack_sharing_enabled":true,"_links":{"self":[{"href":"https:\/\/almadina-technology.com\/index.php?rest_route=\/wp\/v2\/product\/5294","targetHints":{"allow":["GET"]}}],"collection":[{"href":"https:\/\/almadina-technology.com\/index.php?rest_route=\/wp\/v2\/product"}],"about":[{"href":"https:\/\/almadina-technology.com\/index.php?rest_route=\/wp\/v2\/types\/product"}],"replies":[{"embeddable":true,"href":"https:\/\/almadina-technology.com\/index.php?rest_route=%2Fwp%2Fv2%2Fcomments&post=5294"}],"wp:featuredmedia":[{"embeddable":true,"href":"https:\/\/almadina-technology.com\/index.php?rest_route=\/wp\/v2\/media\/5292"}],"wp:attachment":[{"href":"https:\/\/almadina-technology.com\/index.php?rest_route=%2Fwp%2Fv2%2Fmedia&parent=5294"}],"wp:term":[{"taxonomy":"product_brand","embeddable":true,"href":"https:\/\/almadina-technology.com\/index.php?rest_route=%2Fwp%2Fv2%2Fproduct_brand&post=5294"},{"taxonomy":"product_cat","embeddable":true,"href":"https:\/\/almadina-technology.com\/index.php?rest_route=%2Fwp%2Fv2%2Fproduct_cat&post=5294"},{"taxonomy":"product_tag","embeddable":true,"href":"https:\/\/almadina-technology.com\/index.php?rest_route=%2Fwp%2Fv2%2Fproduct_tag&post=5294"}],"curies":[{"name":"wp","href":"https:\/\/api.w.org\/{rel}","templated":true}]}}