{"id":5293,"date":"2025-08-23T14:37:59","date_gmt":"2025-08-23T14:37:59","guid":{"rendered":"https:\/\/almadina-technology.com\/product\/pc-portable-asus-rog-flow-x13-gv301qe-k6034t-90nr04h1-m03680\/"},"modified":"2025-09-27T15:41:05","modified_gmt":"2025-09-27T15:41:05","slug":"pc-portable-asus-rog-flow-x13-gv301qe-k6034t-90nr04h1-m03680","status":"publish","type":"product","link":"https:\/\/almadina-technology.com\/?product=pc-portable-asus-rog-flow-x13-gv301qe-k6034t-90nr04h1-m03680","title":{"rendered":"PC PORTABLE ASUS ROG FLOW X13 GV301QE-K6034T (90NR04H1-M03680)"},"content":{"rendered":"<ul>\n<li>Processeur: AMD Ryzen\u2122 9 5900HS (Fr\u00e9quence 3.1 GHz jusqu&#8217;\u00e0 4.5 GHz, Cache 16M)<\/li>\n<li>M\u00e9moire RAM : 32 GB DDR4<\/li>\n<li>Disque Dur : 1 TB PCIE G3 SSD<\/li>\n<li>\u00c9cran\u00a0Tactile : 13.4&#8221; WUXGA (1920 x 1200) , 16:10 \u00e9cran brillant, sRGB: 100%, Adobe: 75%, DCI-P3: 75%, Fr\u00e9quence de rafra\u00eechissement : 120Hz, IPS Adaptive-Sync<\/li>\n<li>Carte graphique\u00a0: NVIDIA\u00ae GeForce\u00ae RTX 3050 TI &#8211; 4 GB<\/li>\n<li>Windows 10 Famille<\/li>\n<li>Clavier\u00a0: AZERTY Fran\u00e7ais<\/li>\n<\/ul>\n","protected":false},"excerpt":{"rendered":"<p>Processeur: AMD Ryzen\u2122 9 5900HS (Fr\u00e9quence 3.1 GHz jusqu&#8217;\u00e0 4.5 GHz, Cache 16M) M\u00e9moire RAM : 32 GB DDR4 Disque Dur : 1 TB PCIE G3 SSD \u00c9cran\u00a0Tactile : 13.4&#8221; WUXGA (1920 x 1200) , 16:10 \u00e9cran brillant, sRGB: 100%, Adobe: 75%, DCI-P3: 75%, Fr\u00e9quence de rafra\u00eechissement : 120Hz, IPS Adaptive-Sync Carte graphique\u00a0: NVIDIA\u00ae GeForce\u00ae<\/p>\n<div class=\"klb-readmore entry-button\"><a class=\"btn read-more\" href=\"https:\/\/almadina-technology.com\/?product=pc-portable-asus-rog-flow-x13-gv301qe-k6034t-90nr04h1-m03680\">Read More<\/a><\/div>\n","protected":false},"featured_media":5291,"comment_status":"open","ping_status":"closed","template":"","meta":{"advanced_seo_description":"","jetpack_seo_html_title":"","jetpack_seo_noindex":false},"product_brand":[],"product_cat":[161],"product_tag":[],"class_list":{"0":"post-5293","1":"product","2":"type-product","3":"status-publish","4":"has-post-thumbnail","6":"product_cat-2-in-1-convertible-pc","8":"first","9":"instock","10":"shipping-taxable","11":"purchasable","12":"product-type-simple"},"jetpack_sharing_enabled":true,"_links":{"self":[{"href":"https:\/\/almadina-technology.com\/index.php?rest_route=\/wp\/v2\/product\/5293","targetHints":{"allow":["GET"]}}],"collection":[{"href":"https:\/\/almadina-technology.com\/index.php?rest_route=\/wp\/v2\/product"}],"about":[{"href":"https:\/\/almadina-technology.com\/index.php?rest_route=\/wp\/v2\/types\/product"}],"replies":[{"embeddable":true,"href":"https:\/\/almadina-technology.com\/index.php?rest_route=%2Fwp%2Fv2%2Fcomments&post=5293"}],"wp:featuredmedia":[{"embeddable":true,"href":"https:\/\/almadina-technology.com\/index.php?rest_route=\/wp\/v2\/media\/5291"}],"wp:attachment":[{"href":"https:\/\/almadina-technology.com\/index.php?rest_route=%2Fwp%2Fv2%2Fmedia&parent=5293"}],"wp:term":[{"taxonomy":"product_brand","embeddable":true,"href":"https:\/\/almadina-technology.com\/index.php?rest_route=%2Fwp%2Fv2%2Fproduct_brand&post=5293"},{"taxonomy":"product_cat","embeddable":true,"href":"https:\/\/almadina-technology.com\/index.php?rest_route=%2Fwp%2Fv2%2Fproduct_cat&post=5293"},{"taxonomy":"product_tag","embeddable":true,"href":"https:\/\/almadina-technology.com\/index.php?rest_route=%2Fwp%2Fv2%2Fproduct_tag&post=5293"}],"curies":[{"name":"wp","href":"https:\/\/api.w.org\/{rel}","templated":true}]}}