{"id":5288,"date":"2025-08-23T14:37:58","date_gmt":"2025-08-23T14:37:58","guid":{"rendered":"https:\/\/almadina-technology.com\/product\/pc-portable-lenovo-thinkpad-x12-detachable-20uw0008fe\/"},"modified":"2025-09-27T15:40:23","modified_gmt":"2025-09-27T15:40:23","slug":"pc-portable-lenovo-thinkpad-x12-detachable-20uw0008fe","status":"publish","type":"product","link":"https:\/\/almadina-technology.com\/?product=pc-portable-lenovo-thinkpad-x12-detachable-20uw0008fe","title":{"rendered":"PC PORTABLE LENOVO THINKPAD X12 D\u00c9TACHABLE (20UW0008FE)"},"content":{"rendered":"<ul>\n<li>Processeur: Intel Core i5-1130G7 (4C \/ 8T, 1.8 \/ 4.0GHz, 8MB)<\/li>\n<li>M\u00e9moire RAM: 8GB Soldered LPDDR4x-4266<\/li>\n<li>Disque dur: 512GB SSD M.2 2242 PCIe 3.0&#215;4 NVMe<\/li>\n<li>\u00c9cran: 12.3&#8243; FHD+ (1920&#215;1280), Tactile, IPS 400nits AR (anti-reflection) \/ AS (anti-smudge)<\/li>\n<li>Carte graphique: Intel Iris Xe FreeDos<\/li>\n<li>100\/1000M, 1x USB-C 3.2 Gen 2 (prise en charge du transfert de donn\u00e9es, Power Delivery 3.0 et DisplayPort 1.4), 1x Thunderbolt 4 \/ USB4 40Gbps (prise en charge du transfert de donn\u00e9es, Power Delivery 3.0 et DisplayPort 1.4), emplacement pour carte Nano-SIM, combo casque\/micro, Haut-parleurs st\u00e9r\u00e9o, codec Realtek ALC3306-GRT, 1 W x2, Dolby Audio,<\/li>\n<li>Clavier:\u00a0 R\u00e9tro\u00e9clair\u00e9, Fran\u00e7ais, Stylo num\u00e9rique Lenovo,Clavier: R\u00e9tro\u00e9clair\u00e9, AZERTY Fran\u00e7ais\u00a0<\/li>\n<li>Syst\u00e8me d&#8217;exploitation : Windows 10 Pro 64<\/li>\n<li>Garantie Lenovo : 12 mois<\/li>\n<\/ul>\n","protected":false},"excerpt":{"rendered":"<p>Processeur: Intel Core i5-1130G7 (4C \/ 8T, 1.8 \/ 4.0GHz, 8MB) M\u00e9moire RAM: 8GB Soldered LPDDR4x-4266 Disque dur: 512GB SSD M.2 2242 PCIe 3.0&#215;4 NVMe \u00c9cran: 12.3&#8243; FHD+ (1920&#215;1280), Tactile, IPS 400nits AR (anti-reflection) \/ AS (anti-smudge) Carte graphique: Intel Iris Xe FreeDos 100\/1000M, 1x USB-C 3.2 Gen 2 (prise en charge du transfert de<\/p>\n<div class=\"klb-readmore entry-button\"><a class=\"btn read-more\" href=\"https:\/\/almadina-technology.com\/?product=pc-portable-lenovo-thinkpad-x12-detachable-20uw0008fe\">Read More<\/a><\/div>\n","protected":false},"featured_media":5286,"comment_status":"open","ping_status":"closed","template":"","meta":{"advanced_seo_description":"","jetpack_seo_html_title":"","jetpack_seo_noindex":false},"product_brand":[405],"product_cat":[161],"product_tag":[],"class_list":{"0":"post-5288","1":"product","2":"type-product","3":"status-publish","4":"has-post-thumbnail","6":"product_brand-lenovo","7":"product_cat-2-in-1-convertible-pc","9":"first","10":"instock","11":"shipping-taxable","12":"purchasable","13":"product-type-simple"},"jetpack_sharing_enabled":true,"_links":{"self":[{"href":"https:\/\/almadina-technology.com\/index.php?rest_route=\/wp\/v2\/product\/5288","targetHints":{"allow":["GET"]}}],"collection":[{"href":"https:\/\/almadina-technology.com\/index.php?rest_route=\/wp\/v2\/product"}],"about":[{"href":"https:\/\/almadina-technology.com\/index.php?rest_route=\/wp\/v2\/types\/product"}],"replies":[{"embeddable":true,"href":"https:\/\/almadina-technology.com\/index.php?rest_route=%2Fwp%2Fv2%2Fcomments&post=5288"}],"wp:featuredmedia":[{"embeddable":true,"href":"https:\/\/almadina-technology.com\/index.php?rest_route=\/wp\/v2\/media\/5286"}],"wp:attachment":[{"href":"https:\/\/almadina-technology.com\/index.php?rest_route=%2Fwp%2Fv2%2Fmedia&parent=5288"}],"wp:term":[{"taxonomy":"product_brand","embeddable":true,"href":"https:\/\/almadina-technology.com\/index.php?rest_route=%2Fwp%2Fv2%2Fproduct_brand&post=5288"},{"taxonomy":"product_cat","embeddable":true,"href":"https:\/\/almadina-technology.com\/index.php?rest_route=%2Fwp%2Fv2%2Fproduct_cat&post=5288"},{"taxonomy":"product_tag","embeddable":true,"href":"https:\/\/almadina-technology.com\/index.php?rest_route=%2Fwp%2Fv2%2Fproduct_tag&post=5288"}],"curies":[{"name":"wp","href":"https:\/\/api.w.org\/{rel}","templated":true}]}}