{"id":5284,"date":"2025-08-23T14:37:57","date_gmt":"2025-08-23T14:37:57","guid":{"rendered":"https:\/\/almadina-technology.com\/product\/pc-portable-hp-spectre-x360-convertible-14-ef2002nk-845l3ea\/"},"modified":"2025-09-27T15:40:32","modified_gmt":"2025-09-27T15:40:32","slug":"pc-portable-hp-spectre-x360-convertible-14-ef2002nk-845l3ea","status":"publish","type":"product","link":"https:\/\/almadina-technology.com\/?product=pc-portable-hp-spectre-x360-convertible-14-ef2002nk-845l3ea","title":{"rendered":"PC portable HP Spectre x360 Convertible 14-ef2002nk (845L3EA)"},"content":{"rendered":"<ul>\n<li>Processeur: Intel\u00ae Core\u2122 i5-1335U (jusqu\u2019\u00e0 4,6 GHz avec la technologie Intel\u00ae Turbo Boost, 12 Mo de m\u00e9moire cache L3, 10 c\u0153urs, 12 threads)<\/li>\n<li>M\u00e9moire RAM: 16 Go de m\u00e9moire RAM LPDDR4x-4266 MHz (int\u00e9gr\u00e9e)<\/li>\n<li>Disque dur: SSD PCIe\u00ae NVMe\u2122 M.2 512 Go<\/li>\n<li>\u00c9cran: WUXGA+ multi-tactile de 34,3 cm (13,5 pouces) de diagonale (1920 x 1280), IPS, verre bord \u00e0 bord, micro-bords, Corning\u00ae Gorilla\u00ae Glass NBT\u2122, faible lumi\u00e8re bleue, 1000 nits, 100 % sRVB, filtre de confidentialit\u00e9 int\u00e9gr\u00e9 HP Sure View Reflect<\/li>\n<li>Carte graphique: Intel\u00ae Iris\u00ae X\u1d49<\/li>\n<li>Syst\u00e8me d&#8217;exploitation: Windows 11 \u00c9dition Familiale unilingue<\/li>\n<li>Clavier: Bleu nocturne r\u00e9tro\u00e9clair\u00e9, de grande taille, Fran\u00e7ais (AZERTY)<\/li>\n<li>Poids: 1.36 kg<\/li>\n<\/ul>\n","protected":false},"excerpt":{"rendered":"<p>Processeur: Intel\u00ae Core\u2122 i5-1335U (jusqu\u2019\u00e0 4,6 GHz avec la technologie Intel\u00ae Turbo Boost, 12 Mo de m\u00e9moire cache L3, 10 c\u0153urs, 12 threads) M\u00e9moire RAM: 16 Go de m\u00e9moire RAM LPDDR4x-4266 MHz (int\u00e9gr\u00e9e) Disque dur: SSD PCIe\u00ae NVMe\u2122 M.2 512 Go \u00c9cran: WUXGA+ multi-tactile de 34,3 cm (13,5 pouces) de diagonale (1920 x 1280), IPS,<\/p>\n<div class=\"klb-readmore entry-button\"><a class=\"btn read-more\" href=\"https:\/\/almadina-technology.com\/?product=pc-portable-hp-spectre-x360-convertible-14-ef2002nk-845l3ea\">Read More<\/a><\/div>\n","protected":false},"featured_media":5283,"comment_status":"open","ping_status":"closed","template":"","meta":{"advanced_seo_description":"","jetpack_seo_html_title":"","jetpack_seo_noindex":false},"product_brand":[400],"product_cat":[161],"product_tag":[],"class_list":{"0":"post-5284","1":"product","2":"type-product","3":"status-publish","4":"has-post-thumbnail","6":"product_brand-hp","7":"product_cat-2-in-1-convertible-pc","9":"first","10":"instock","11":"shipping-taxable","12":"purchasable","13":"product-type-simple"},"jetpack_sharing_enabled":true,"_links":{"self":[{"href":"https:\/\/almadina-technology.com\/index.php?rest_route=\/wp\/v2\/product\/5284","targetHints":{"allow":["GET"]}}],"collection":[{"href":"https:\/\/almadina-technology.com\/index.php?rest_route=\/wp\/v2\/product"}],"about":[{"href":"https:\/\/almadina-technology.com\/index.php?rest_route=\/wp\/v2\/types\/product"}],"replies":[{"embeddable":true,"href":"https:\/\/almadina-technology.com\/index.php?rest_route=%2Fwp%2Fv2%2Fcomments&post=5284"}],"wp:featuredmedia":[{"embeddable":true,"href":"https:\/\/almadina-technology.com\/index.php?rest_route=\/wp\/v2\/media\/5283"}],"wp:attachment":[{"href":"https:\/\/almadina-technology.com\/index.php?rest_route=%2Fwp%2Fv2%2Fmedia&parent=5284"}],"wp:term":[{"taxonomy":"product_brand","embeddable":true,"href":"https:\/\/almadina-technology.com\/index.php?rest_route=%2Fwp%2Fv2%2Fproduct_brand&post=5284"},{"taxonomy":"product_cat","embeddable":true,"href":"https:\/\/almadina-technology.com\/index.php?rest_route=%2Fwp%2Fv2%2Fproduct_cat&post=5284"},{"taxonomy":"product_tag","embeddable":true,"href":"https:\/\/almadina-technology.com\/index.php?rest_route=%2Fwp%2Fv2%2Fproduct_tag&post=5284"}],"curies":[{"name":"wp","href":"https:\/\/api.w.org\/{rel}","templated":true}]}}