{"id":5282,"date":"2025-08-23T14:37:57","date_gmt":"2025-08-23T14:37:57","guid":{"rendered":"https:\/\/almadina-technology.com\/product\/pc-portable-hp-spectre-x360-convertible-13-aw2000nk-601c6ea\/"},"modified":"2025-09-27T15:40:39","modified_gmt":"2025-09-27T15:40:39","slug":"pc-portable-hp-spectre-x360-convertible-13-aw2000nk-601c6ea","status":"publish","type":"product","link":"https:\/\/almadina-technology.com\/?product=pc-portable-hp-spectre-x360-convertible-13-aw2000nk-601c6ea","title":{"rendered":"PC PORTABLE HP SPECTRE X360 CONVERTIBLE 13-AW2000NK (601C6EA)"},"content":{"rendered":"<p>ORDINATEUR PORTABLE HP SPECTRE X360 CONVERTIBLE 13-AW2000NK (601C6EA)<\/p>\n<ul>\n<li>Processeur : Intel\u00ae Core\u2122 i7-1195G7 (up to 5.0 GHz, 12 Mo de m\u00e9moire cache L3, 4 c\u0153urs)<\/li>\n<li>M\u00e9moire RAM: 8 Go LPDDR4x-4266 MH<\/li>\n<li>Disque dur : 512 Go SSD PCIe\u00ae NVMe\u2122 TLC M.2<\/li>\n<li>Taille \u00e9cran : 13.5&#8221; WUXGA Tactile IPS BrightView avec Corning\u00ae Gorilla\u00ae Glass NBT \u2122<\/li>\n<li>Carte graphique Intel\u00ae Iris\u00ae X\u1d49<\/li>\n<li>lecteur de cartes microSD\u00a0<\/li>\n<li>Realtek Wi-Fi 6 (1&#215;2) et Bluetooth\u00ae 5.2\u00a0<\/li>\n<li>USB Type-C\u00ae SuperSpeed, 2x USB Type-A SuperSpeed, HDMI 2.0, casque\/microphone<\/li>\n<li>Syst\u00e8me audio par B&amp;O Doubles haut-parleurs HP Audio Boost<\/li>\n<li>Windows 11 Home 64 bits<\/li>\n<li>Garantie 1 an<\/li>\n<\/ul>\n","protected":false},"excerpt":{"rendered":"<p>ORDINATEUR PORTABLE HP SPECTRE X360 CONVERTIBLE 13-AW2000NK (601C6EA) Processeur : Intel\u00ae Core\u2122 i7-1195G7 (up to 5.0 GHz, 12 Mo de m\u00e9moire cache L3, 4 c\u0153urs) M\u00e9moire RAM: 8 Go LPDDR4x-4266 MH Disque dur : 512 Go SSD PCIe\u00ae NVMe\u2122 TLC M.2 Taille \u00e9cran : 13.5&#8221; WUXGA Tactile IPS BrightView avec Corning\u00ae Gorilla\u00ae Glass NBT \u2122<\/p>\n<div class=\"klb-readmore entry-button\"><a class=\"btn read-more\" href=\"https:\/\/almadina-technology.com\/?product=pc-portable-hp-spectre-x360-convertible-13-aw2000nk-601c6ea\">Read More<\/a><\/div>\n","protected":false},"featured_media":5279,"comment_status":"open","ping_status":"closed","template":"","meta":{"advanced_seo_description":"","jetpack_seo_html_title":"","jetpack_seo_noindex":false},"product_brand":[400],"product_cat":[161],"product_tag":[],"class_list":{"0":"post-5282","1":"product","2":"type-product","3":"status-publish","4":"has-post-thumbnail","6":"product_brand-hp","7":"product_cat-2-in-1-convertible-pc","9":"first","10":"instock","11":"shipping-taxable","12":"purchasable","13":"product-type-simple"},"jetpack_sharing_enabled":true,"_links":{"self":[{"href":"https:\/\/almadina-technology.com\/index.php?rest_route=\/wp\/v2\/product\/5282","targetHints":{"allow":["GET"]}}],"collection":[{"href":"https:\/\/almadina-technology.com\/index.php?rest_route=\/wp\/v2\/product"}],"about":[{"href":"https:\/\/almadina-technology.com\/index.php?rest_route=\/wp\/v2\/types\/product"}],"replies":[{"embeddable":true,"href":"https:\/\/almadina-technology.com\/index.php?rest_route=%2Fwp%2Fv2%2Fcomments&post=5282"}],"wp:featuredmedia":[{"embeddable":true,"href":"https:\/\/almadina-technology.com\/index.php?rest_route=\/wp\/v2\/media\/5279"}],"wp:attachment":[{"href":"https:\/\/almadina-technology.com\/index.php?rest_route=%2Fwp%2Fv2%2Fmedia&parent=5282"}],"wp:term":[{"taxonomy":"product_brand","embeddable":true,"href":"https:\/\/almadina-technology.com\/index.php?rest_route=%2Fwp%2Fv2%2Fproduct_brand&post=5282"},{"taxonomy":"product_cat","embeddable":true,"href":"https:\/\/almadina-technology.com\/index.php?rest_route=%2Fwp%2Fv2%2Fproduct_cat&post=5282"},{"taxonomy":"product_tag","embeddable":true,"href":"https:\/\/almadina-technology.com\/index.php?rest_route=%2Fwp%2Fv2%2Fproduct_tag&post=5282"}],"curies":[{"name":"wp","href":"https:\/\/api.w.org\/{rel}","templated":true}]}}