{"id":5281,"date":"2025-08-23T14:37:57","date_gmt":"2025-08-23T14:37:57","guid":{"rendered":"https:\/\/almadina-technology.com\/product\/ordinateur-portable-hp-spectre-x360-convertible-13-aw2000nk-2r2j0ea\/"},"modified":"2025-09-27T15:41:10","modified_gmt":"2025-09-27T15:41:10","slug":"ordinateur-portable-hp-spectre-x360-convertible-13-aw2000nk-2r2j0ea","status":"publish","type":"product","link":"https:\/\/almadina-technology.com\/?product=ordinateur-portable-hp-spectre-x360-convertible-13-aw2000nk-2r2j0ea","title":{"rendered":"ORDINATEUR PORTABLE HP SPECTRE X360 CONVERTIBLE 13-AW2000NK (2R2J0EA)"},"content":{"rendered":"<ul>\n<li>PROCESSEUR: Intel\u00ae Core\u2122 i7 1165G7 ( jusqu\u2019\u00e0 4.70 Ghz,12 Mo L3 cache , 4 c\u0153urs)<\/li>\n<li>M\u00e9moire RAM: 16GB LPDDR4 3200 Mhz<\/li>\n<li>Disque dur: 512 GB\u00a0 SSD PCIe\u00ae NVMe\u2122<\/li>\n<li>Carte graphique: Intel\u00ae Iris\u00ae Xe<\/li>\n<li>Ecran: 13.3\u2019 FHD Ips Micro-bord<\/li>\n<li>Lecteur de cartes microSD<\/li>\n<li>Carte graphique: Intel\u00ae Wi-Fi 6 AX201 (2&#215;2) et Bluetooth\u00ae 5<\/li>\n<li>2 x Thunderbolt 4 with USB4 Type C<\/li>\n<li>DisplayPort 1.4, 1 superSpeed USB Type-A<\/li>\n<li>1 Heardphone \/ microphone combo<\/li>\n<li>Syst\u00e8me audio Bang &amp; Olufsen; Deux haut-parleurs;\u00a0<\/li>\n<li>HP Audio Boost 2.0<\/li>\n<li>Couleur Argent Natuel<\/li>\n<li>Batterie 4 cellules Li-Ion polym\u00e8re (60 W\/h)<\/li>\n<li>Syst\u00e8me d&#8217;exploitation: Windows 10 HOME 64\u00a0<\/li>\n<li>Garantie 1 an<\/li>\n<\/ul>\n","protected":false},"excerpt":{"rendered":"<p>PROCESSEUR: Intel\u00ae Core\u2122 i7 1165G7 ( jusqu\u2019\u00e0 4.70 Ghz,12 Mo L3 cache , 4 c\u0153urs) M\u00e9moire RAM: 16GB LPDDR4 3200 Mhz Disque dur: 512 GB\u00a0 SSD PCIe\u00ae NVMe\u2122 Carte graphique: Intel\u00ae Iris\u00ae Xe Ecran: 13.3\u2019 FHD Ips Micro-bord Lecteur de cartes microSD Carte graphique: Intel\u00ae Wi-Fi 6 AX201 (2&#215;2) et Bluetooth\u00ae 5 2 x Thunderbolt<\/p>\n<div class=\"klb-readmore entry-button\"><a class=\"btn read-more\" href=\"https:\/\/almadina-technology.com\/?product=ordinateur-portable-hp-spectre-x360-convertible-13-aw2000nk-2r2j0ea\">Read More<\/a><\/div>\n","protected":false},"featured_media":5280,"comment_status":"open","ping_status":"closed","template":"","meta":{"advanced_seo_description":"","jetpack_seo_html_title":"","jetpack_seo_noindex":false},"product_brand":[400],"product_cat":[161],"product_tag":[],"class_list":{"0":"post-5281","1":"product","2":"type-product","3":"status-publish","4":"has-post-thumbnail","6":"product_brand-hp","7":"product_cat-2-in-1-convertible-pc","9":"first","10":"instock","11":"shipping-taxable","12":"purchasable","13":"product-type-simple"},"jetpack_sharing_enabled":true,"_links":{"self":[{"href":"https:\/\/almadina-technology.com\/index.php?rest_route=\/wp\/v2\/product\/5281","targetHints":{"allow":["GET"]}}],"collection":[{"href":"https:\/\/almadina-technology.com\/index.php?rest_route=\/wp\/v2\/product"}],"about":[{"href":"https:\/\/almadina-technology.com\/index.php?rest_route=\/wp\/v2\/types\/product"}],"replies":[{"embeddable":true,"href":"https:\/\/almadina-technology.com\/index.php?rest_route=%2Fwp%2Fv2%2Fcomments&post=5281"}],"wp:featuredmedia":[{"embeddable":true,"href":"https:\/\/almadina-technology.com\/index.php?rest_route=\/wp\/v2\/media\/5280"}],"wp:attachment":[{"href":"https:\/\/almadina-technology.com\/index.php?rest_route=%2Fwp%2Fv2%2Fmedia&parent=5281"}],"wp:term":[{"taxonomy":"product_brand","embeddable":true,"href":"https:\/\/almadina-technology.com\/index.php?rest_route=%2Fwp%2Fv2%2Fproduct_brand&post=5281"},{"taxonomy":"product_cat","embeddable":true,"href":"https:\/\/almadina-technology.com\/index.php?rest_route=%2Fwp%2Fv2%2Fproduct_cat&post=5281"},{"taxonomy":"product_tag","embeddable":true,"href":"https:\/\/almadina-technology.com\/index.php?rest_route=%2Fwp%2Fv2%2Fproduct_tag&post=5281"}],"curies":[{"name":"wp","href":"https:\/\/api.w.org\/{rel}","templated":true}]}}