{"id":5278,"date":"2025-08-23T14:37:56","date_gmt":"2025-08-23T14:37:56","guid":{"rendered":"https:\/\/almadina-technology.com\/product\/pc-portable-convertible-spectre-x360-14-ef2003nk-845a1ea\/"},"modified":"2025-09-27T15:41:01","modified_gmt":"2025-09-27T15:41:01","slug":"pc-portable-convertible-spectre-x360-14-ef2003nk-845a1ea","status":"publish","type":"product","link":"https:\/\/almadina-technology.com\/?product=pc-portable-convertible-spectre-x360-14-ef2003nk-845a1ea","title":{"rendered":"PC portable convertible Spectre x360 14-ef2003nk (845A1EA)"},"content":{"rendered":"","protected":false},"excerpt":{"rendered":"<p>Rightech est votre boutique en ligne au Maroc pour du mat\u00e9riel informatique, des solutions \u00e9ducatives, des \u00e9quipements de s\u00e9curit\u00e9 et bien plus encore.<\/p>\n","protected":false},"featured_media":5277,"comment_status":"open","ping_status":"closed","template":"","meta":{"advanced_seo_description":"","jetpack_seo_html_title":"","jetpack_seo_noindex":false},"product_brand":[],"product_cat":[161],"product_tag":[],"class_list":{"0":"post-5278","1":"product","2":"type-product","3":"status-publish","4":"has-post-thumbnail","6":"product_cat-2-in-1-convertible-pc","8":"first","9":"instock","10":"shipping-taxable","11":"purchasable","12":"product-type-simple"},"jetpack_sharing_enabled":true,"_links":{"self":[{"href":"https:\/\/almadina-technology.com\/index.php?rest_route=\/wp\/v2\/product\/5278","targetHints":{"allow":["GET"]}}],"collection":[{"href":"https:\/\/almadina-technology.com\/index.php?rest_route=\/wp\/v2\/product"}],"about":[{"href":"https:\/\/almadina-technology.com\/index.php?rest_route=\/wp\/v2\/types\/product"}],"replies":[{"embeddable":true,"href":"https:\/\/almadina-technology.com\/index.php?rest_route=%2Fwp%2Fv2%2Fcomments&post=5278"}],"wp:featuredmedia":[{"embeddable":true,"href":"https:\/\/almadina-technology.com\/index.php?rest_route=\/wp\/v2\/media\/5277"}],"wp:attachment":[{"href":"https:\/\/almadina-technology.com\/index.php?rest_route=%2Fwp%2Fv2%2Fmedia&parent=5278"}],"wp:term":[{"taxonomy":"product_brand","embeddable":true,"href":"https:\/\/almadina-technology.com\/index.php?rest_route=%2Fwp%2Fv2%2Fproduct_brand&post=5278"},{"taxonomy":"product_cat","embeddable":true,"href":"https:\/\/almadina-technology.com\/index.php?rest_route=%2Fwp%2Fv2%2Fproduct_cat&post=5278"},{"taxonomy":"product_tag","embeddable":true,"href":"https:\/\/almadina-technology.com\/index.php?rest_route=%2Fwp%2Fv2%2Fproduct_tag&post=5278"}],"curies":[{"name":"wp","href":"https:\/\/api.w.org\/{rel}","templated":true}]}}