{"id":5276,"date":"2025-08-23T14:37:56","date_gmt":"2025-08-23T14:37:56","guid":{"rendered":"https:\/\/almadina-technology.com\/product\/pc-portable-hp-spectre-x360-convertible-13-aw2004nk-2q9f0ea\/"},"modified":"2025-09-27T15:40:12","modified_gmt":"2025-09-27T15:40:12","slug":"pc-portable-hp-spectre-x360-convertible-13-aw2004nk-2q9f0ea","status":"publish","type":"product","link":"https:\/\/almadina-technology.com\/?product=pc-portable-hp-spectre-x360-convertible-13-aw2004nk-2q9f0ea","title":{"rendered":"PC PORTABLE HP SPECTRE X360 CONVERTIBLE 13-AW2004NK (2Q9F0EA)"},"content":{"rendered":"<ul>\n<li>Processeur : Intel\u00ae Core\u2122 i7-1165G7 (jusqu\u2019\u00e0 4,7 GHz, 4 c\u0153urs)<\/li>\n<li>RAM: 8GB<\/li>\n<li>Disque dur: 256GB \u2013 SSD PCIe\u00ae NVMe\u2122 M.2<\/li>\n<li>Carte graphique: Intel\u00ae Iris\u00ae X\u1d49<\/li>\n<li>\u00c9cran: 13.3\u2033 Tactile multipoint Full HD (1920 x 1080), IPS, verre bord \u00e0 bord, micro-bord, BrightView, verre anti-reflet Corning\u00ae Gorilla\u00ae NBT\u2122, 400 nits, 100 % sRGB<\/li>\n<li>Windows 10 Pro 64,<\/li>\n<li>Clavier: R\u00e9tro\u00e9clair\u00e9, fran\u00e7ais (AZERTY)<\/li>\n<\/ul>\n","protected":false},"excerpt":{"rendered":"<p>Processeur : Intel\u00ae Core\u2122 i7-1165G7 (jusqu\u2019\u00e0 4,7 GHz, 4 c\u0153urs) RAM: 8GB Disque dur: 256GB \u2013 SSD PCIe\u00ae NVMe\u2122 M.2 Carte graphique: Intel\u00ae Iris\u00ae X\u1d49 \u00c9cran: 13.3\u2033 Tactile multipoint Full HD (1920 x 1080), IPS, verre bord \u00e0 bord, micro-bord, BrightView, verre anti-reflet Corning\u00ae Gorilla\u00ae NBT\u2122, 400 nits, 100 % sRGB Windows 10 Pro 64,<\/p>\n<div class=\"klb-readmore entry-button\"><a class=\"btn read-more\" href=\"https:\/\/almadina-technology.com\/?product=pc-portable-hp-spectre-x360-convertible-13-aw2004nk-2q9f0ea\">Read More<\/a><\/div>\n","protected":false},"featured_media":5274,"comment_status":"open","ping_status":"closed","template":"","meta":{"advanced_seo_description":"","jetpack_seo_html_title":"","jetpack_seo_noindex":false},"product_brand":[400],"product_cat":[161],"product_tag":[],"class_list":{"0":"post-5276","1":"product","2":"type-product","3":"status-publish","4":"has-post-thumbnail","6":"product_brand-hp","7":"product_cat-2-in-1-convertible-pc","9":"first","10":"instock","11":"shipping-taxable","12":"purchasable","13":"product-type-simple"},"jetpack_sharing_enabled":true,"_links":{"self":[{"href":"https:\/\/almadina-technology.com\/index.php?rest_route=\/wp\/v2\/product\/5276","targetHints":{"allow":["GET"]}}],"collection":[{"href":"https:\/\/almadina-technology.com\/index.php?rest_route=\/wp\/v2\/product"}],"about":[{"href":"https:\/\/almadina-technology.com\/index.php?rest_route=\/wp\/v2\/types\/product"}],"replies":[{"embeddable":true,"href":"https:\/\/almadina-technology.com\/index.php?rest_route=%2Fwp%2Fv2%2Fcomments&post=5276"}],"wp:featuredmedia":[{"embeddable":true,"href":"https:\/\/almadina-technology.com\/index.php?rest_route=\/wp\/v2\/media\/5274"}],"wp:attachment":[{"href":"https:\/\/almadina-technology.com\/index.php?rest_route=%2Fwp%2Fv2%2Fmedia&parent=5276"}],"wp:term":[{"taxonomy":"product_brand","embeddable":true,"href":"https:\/\/almadina-technology.com\/index.php?rest_route=%2Fwp%2Fv2%2Fproduct_brand&post=5276"},{"taxonomy":"product_cat","embeddable":true,"href":"https:\/\/almadina-technology.com\/index.php?rest_route=%2Fwp%2Fv2%2Fproduct_cat&post=5276"},{"taxonomy":"product_tag","embeddable":true,"href":"https:\/\/almadina-technology.com\/index.php?rest_route=%2Fwp%2Fv2%2Fproduct_tag&post=5276"}],"curies":[{"name":"wp","href":"https:\/\/api.w.org\/{rel}","templated":true}]}}