{"id":5275,"date":"2025-08-23T14:37:56","date_gmt":"2025-08-23T14:37:56","guid":{"rendered":"https:\/\/almadina-technology.com\/product\/pc-portable-gaming-hp-victus-16-s0000nk-845n6ea\/"},"modified":"2025-09-27T15:40:45","modified_gmt":"2025-09-27T15:40:45","slug":"pc-portable-gaming-hp-victus-16-s0000nk-845n6ea","status":"publish","type":"product","link":"https:\/\/almadina-technology.com\/?product=pc-portable-gaming-hp-victus-16-s0000nk-845n6ea","title":{"rendered":"PC portable Gaming HP Victus 16-s0000nk (845N6EA)"},"content":{"rendered":"<ul>\n<li>Processeur: AMD Ryzen\u2122 7 7840HS (jusqu\u2019\u00e0 5,1 GHz de fr\u00e9quence Boost maximale, 16 Mo de m\u00e9moire cache L3, 8 c\u0153urs, 16 threads)<\/li>\n<li>M\u00e9moire RAM: 16 Go de m\u00e9moire RAM DDR5 &#8211; 5 600 MHz (2 x 8 Go)<\/li>\n<li>Disque dur: SSD 512 Go PCIe\u00ae Gen4 NVMe\u2122 TLC M.2<\/li>\n<li>\u00c9cran: Full HD d\u2019une diagonale de 40,9 cm (16,1 pouces) (1920 x 1080), 144 Hz, IPS, micro-bords, antireflet, 250 nits, 45 % NTSC<\/li>\n<li>Carte graphique: NVIDIA\u00ae GeForce RTX\u2122 4050 Ordinateur portable GPU (6 Go de m\u00e9moire GDDR6 d\u00e9di\u00e9e)<\/li>\n<li>Syst\u00e8me d&#8217;exploitation: Windows 11 \u00c9dition Familiale unilingue<\/li>\n<li>Clavier: Avec pav\u00e9 num\u00e9rique, r\u00e9tro\u00e9clair\u00e9, de grande taille, couleur opaque bleu performance, Fran\u00e7ais (AZERTY)<\/li>\n<li>Poids: 2,33 kg<\/li>\n<\/ul>\n","protected":false},"excerpt":{"rendered":"<p>Processeur: AMD Ryzen\u2122 7 7840HS (jusqu\u2019\u00e0 5,1 GHz de fr\u00e9quence Boost maximale, 16 Mo de m\u00e9moire cache L3, 8 c\u0153urs, 16 threads) M\u00e9moire RAM: 16 Go de m\u00e9moire RAM DDR5 &#8211; 5 600 MHz (2 x 8 Go) Disque dur: SSD 512 Go PCIe\u00ae Gen4 NVMe\u2122 TLC M.2 \u00c9cran: Full HD d\u2019une diagonale de 40,9<\/p>\n<div class=\"klb-readmore entry-button\"><a class=\"btn read-more\" href=\"https:\/\/almadina-technology.com\/?product=pc-portable-gaming-hp-victus-16-s0000nk-845n6ea\">Read More<\/a><\/div>\n","protected":false},"featured_media":5273,"comment_status":"open","ping_status":"closed","template":"","meta":{"advanced_seo_description":"","jetpack_seo_html_title":"","jetpack_seo_noindex":false},"product_brand":[400],"product_cat":[161],"product_tag":[],"class_list":{"0":"post-5275","1":"product","2":"type-product","3":"status-publish","4":"has-post-thumbnail","6":"product_brand-hp","7":"product_cat-2-in-1-convertible-pc","9":"first","10":"instock","11":"shipping-taxable","12":"purchasable","13":"product-type-simple"},"jetpack_sharing_enabled":true,"_links":{"self":[{"href":"https:\/\/almadina-technology.com\/index.php?rest_route=\/wp\/v2\/product\/5275","targetHints":{"allow":["GET"]}}],"collection":[{"href":"https:\/\/almadina-technology.com\/index.php?rest_route=\/wp\/v2\/product"}],"about":[{"href":"https:\/\/almadina-technology.com\/index.php?rest_route=\/wp\/v2\/types\/product"}],"replies":[{"embeddable":true,"href":"https:\/\/almadina-technology.com\/index.php?rest_route=%2Fwp%2Fv2%2Fcomments&post=5275"}],"wp:featuredmedia":[{"embeddable":true,"href":"https:\/\/almadina-technology.com\/index.php?rest_route=\/wp\/v2\/media\/5273"}],"wp:attachment":[{"href":"https:\/\/almadina-technology.com\/index.php?rest_route=%2Fwp%2Fv2%2Fmedia&parent=5275"}],"wp:term":[{"taxonomy":"product_brand","embeddable":true,"href":"https:\/\/almadina-technology.com\/index.php?rest_route=%2Fwp%2Fv2%2Fproduct_brand&post=5275"},{"taxonomy":"product_cat","embeddable":true,"href":"https:\/\/almadina-technology.com\/index.php?rest_route=%2Fwp%2Fv2%2Fproduct_cat&post=5275"},{"taxonomy":"product_tag","embeddable":true,"href":"https:\/\/almadina-technology.com\/index.php?rest_route=%2Fwp%2Fv2%2Fproduct_tag&post=5275"}],"curies":[{"name":"wp","href":"https:\/\/api.w.org\/{rel}","templated":true}]}}