{"id":5272,"date":"2025-08-23T14:37:54","date_gmt":"2025-08-23T14:37:54","guid":{"rendered":"https:\/\/almadina-technology.com\/product\/ordinateur-portable-convertible-hp-envy-x360-15-ew0002nk-6d6y1ea\/"},"modified":"2025-09-27T15:41:19","modified_gmt":"2025-09-27T15:41:19","slug":"ordinateur-portable-convertible-hp-envy-x360-15-ew0002nk-6d6y1ea","status":"publish","type":"product","link":"https:\/\/almadina-technology.com\/?product=ordinateur-portable-convertible-hp-envy-x360-15-ew0002nk-6d6y1ea","title":{"rendered":"ORDINATEUR PORTABLE CONVERTIBLE HP ENVY X360 15-EW0002NK (6D6Y1EA)"},"content":{"rendered":"<ul>\n<li>Processeur: Intel\u00ae Core\u2122 i5-1240P (jusqu\u2019\u00e0 4,4 GHz avec la technologie Intel\u00ae Turbo Boost, m\u00e9moire cache L3 12 Mo, 12 c\u0153urs, 16 threads)<\/li>\n<li>M\u00e9moire RAM: 16 Go de m\u00e9moire RAM DDR4-3200 MHz (2 x 8 Go)<\/li>\n<li>Disque dur: SSD PCIe\u00ae NVMe\u2122 M.2 512 Go<\/li>\n<li>\u00c9cran: Tactile multipoint Full HD d\u2019une 1 diagonale de 39,6 cm (15,6 pouces), (1920 x 1080), IPS, verre bord \u00e0 bord, micro-bords, 250 nits, 45 % NTSC<\/li>\n<li>Carte graphique: Int\u00e9gr\u00e9<\/li>\n<li>Syst\u00e8me d&#8217;exploitation: Windows 11 \u00c9dition Familiale unilingue<\/li>\n<li>Clavier: Argent naturel, r\u00e9tro\u00e9clair\u00e9, de grande taille, Fran\u00e7ais (AZERTY)<\/li>\n<li>Garantie :12mois<\/li>\n<\/ul>\n","protected":false},"excerpt":{"rendered":"<p>Processeur: Intel\u00ae Core\u2122 i5-1240P (jusqu\u2019\u00e0 4,4 GHz avec la technologie Intel\u00ae Turbo Boost, m\u00e9moire cache L3 12 Mo, 12 c\u0153urs, 16 threads) M\u00e9moire RAM: 16 Go de m\u00e9moire RAM DDR4-3200 MHz (2 x 8 Go) Disque dur: SSD PCIe\u00ae NVMe\u2122 M.2 512 Go \u00c9cran: Tactile multipoint Full HD d\u2019une 1 diagonale de 39,6 cm (15,6<\/p>\n<div class=\"klb-readmore entry-button\"><a class=\"btn read-more\" href=\"https:\/\/almadina-technology.com\/?product=ordinateur-portable-convertible-hp-envy-x360-15-ew0002nk-6d6y1ea\">Read More<\/a><\/div>\n","protected":false},"featured_media":5268,"comment_status":"open","ping_status":"closed","template":"","meta":{"advanced_seo_description":"","jetpack_seo_html_title":"","jetpack_seo_noindex":false},"product_brand":[400],"product_cat":[161],"product_tag":[],"class_list":{"0":"post-5272","1":"product","2":"type-product","3":"status-publish","4":"has-post-thumbnail","6":"product_brand-hp","7":"product_cat-2-in-1-convertible-pc","9":"first","10":"instock","11":"shipping-taxable","12":"purchasable","13":"product-type-simple"},"jetpack_sharing_enabled":true,"_links":{"self":[{"href":"https:\/\/almadina-technology.com\/index.php?rest_route=\/wp\/v2\/product\/5272","targetHints":{"allow":["GET"]}}],"collection":[{"href":"https:\/\/almadina-technology.com\/index.php?rest_route=\/wp\/v2\/product"}],"about":[{"href":"https:\/\/almadina-technology.com\/index.php?rest_route=\/wp\/v2\/types\/product"}],"replies":[{"embeddable":true,"href":"https:\/\/almadina-technology.com\/index.php?rest_route=%2Fwp%2Fv2%2Fcomments&post=5272"}],"wp:featuredmedia":[{"embeddable":true,"href":"https:\/\/almadina-technology.com\/index.php?rest_route=\/wp\/v2\/media\/5268"}],"wp:attachment":[{"href":"https:\/\/almadina-technology.com\/index.php?rest_route=%2Fwp%2Fv2%2Fmedia&parent=5272"}],"wp:term":[{"taxonomy":"product_brand","embeddable":true,"href":"https:\/\/almadina-technology.com\/index.php?rest_route=%2Fwp%2Fv2%2Fproduct_brand&post=5272"},{"taxonomy":"product_cat","embeddable":true,"href":"https:\/\/almadina-technology.com\/index.php?rest_route=%2Fwp%2Fv2%2Fproduct_cat&post=5272"},{"taxonomy":"product_tag","embeddable":true,"href":"https:\/\/almadina-technology.com\/index.php?rest_route=%2Fwp%2Fv2%2Fproduct_tag&post=5272"}],"curies":[{"name":"wp","href":"https:\/\/api.w.org\/{rel}","templated":true}]}}