{"id":5270,"date":"2025-08-23T14:37:54","date_gmt":"2025-08-23T14:37:54","guid":{"rendered":"https:\/\/almadina-technology.com\/product\/pc-portable-hp-pavilion-x360-convertible-15-er1003nk-7j0j6ea\/"},"modified":"2025-09-27T15:40:05","modified_gmt":"2025-09-27T15:40:05","slug":"pc-portable-hp-pavilion-x360-convertible-15-er1003nk-7j0j6ea","status":"publish","type":"product","link":"https:\/\/almadina-technology.com\/?product=pc-portable-hp-pavilion-x360-convertible-15-er1003nk-7j0j6ea","title":{"rendered":"PC portable HP Pavilion X360 Convertible 15-er1003nk (7J0J6EA)"},"content":{"rendered":"","protected":false},"excerpt":{"rendered":"<p>Rightech est votre boutique en ligne au Maroc pour du mat\u00e9riel informatique, des solutions \u00e9ducatives, des \u00e9quipements de s\u00e9curit\u00e9 et bien plus encore.<\/p>\n","protected":false},"featured_media":5267,"comment_status":"open","ping_status":"closed","template":"","meta":{"advanced_seo_description":"","jetpack_seo_html_title":"","jetpack_seo_noindex":false},"product_brand":[400],"product_cat":[161],"product_tag":[],"class_list":{"0":"post-5270","1":"product","2":"type-product","3":"status-publish","4":"has-post-thumbnail","6":"product_brand-hp","7":"product_cat-2-in-1-convertible-pc","9":"first","10":"instock","11":"shipping-taxable","12":"purchasable","13":"product-type-simple"},"jetpack_sharing_enabled":true,"_links":{"self":[{"href":"https:\/\/almadina-technology.com\/index.php?rest_route=\/wp\/v2\/product\/5270","targetHints":{"allow":["GET"]}}],"collection":[{"href":"https:\/\/almadina-technology.com\/index.php?rest_route=\/wp\/v2\/product"}],"about":[{"href":"https:\/\/almadina-technology.com\/index.php?rest_route=\/wp\/v2\/types\/product"}],"replies":[{"embeddable":true,"href":"https:\/\/almadina-technology.com\/index.php?rest_route=%2Fwp%2Fv2%2Fcomments&post=5270"}],"wp:featuredmedia":[{"embeddable":true,"href":"https:\/\/almadina-technology.com\/index.php?rest_route=\/wp\/v2\/media\/5267"}],"wp:attachment":[{"href":"https:\/\/almadina-technology.com\/index.php?rest_route=%2Fwp%2Fv2%2Fmedia&parent=5270"}],"wp:term":[{"taxonomy":"product_brand","embeddable":true,"href":"https:\/\/almadina-technology.com\/index.php?rest_route=%2Fwp%2Fv2%2Fproduct_brand&post=5270"},{"taxonomy":"product_cat","embeddable":true,"href":"https:\/\/almadina-technology.com\/index.php?rest_route=%2Fwp%2Fv2%2Fproduct_cat&post=5270"},{"taxonomy":"product_tag","embeddable":true,"href":"https:\/\/almadina-technology.com\/index.php?rest_route=%2Fwp%2Fv2%2Fproduct_tag&post=5270"}],"curies":[{"name":"wp","href":"https:\/\/api.w.org\/{rel}","templated":true}]}}