{"id":5263,"date":"2025-08-23T14:37:53","date_gmt":"2025-08-23T14:37:53","guid":{"rendered":"https:\/\/almadina-technology.com\/product\/pc-portable-hp-pavilion-x360-845l5ea\/"},"modified":"2025-09-27T15:40:26","modified_gmt":"2025-09-27T15:40:26","slug":"pc-portable-hp-pavilion-x360-845l5ea","status":"publish","type":"product","link":"https:\/\/almadina-technology.com\/?product=pc-portable-hp-pavilion-x360-845l5ea","title":{"rendered":"PC portable HP Pavilion x360 (845L5EA)"},"content":{"rendered":"<ul>\n<li>Processeur: Intel\u00ae Core\u2122 i3-1315U (jusqu\u2019\u00e0 4,5 GHz avec la technologie Intel\u00ae Turbo Boost, 10 Mo de m\u00e9moire cache L3, 6 c\u0153urs, 8 threads)<\/li>\n<li>M\u00e9moire RAM: 8 Go de m\u00e9moire RAM DDR4-3200 MHz<\/li>\n<li>Disque dur: SSD PCIe\u00ae NVMe\u2122 M.2 512 Go<\/li>\n<li>\u00c9cran: Full HD multi-tactile de 35,6 cm (14 pouces) de diagonale, (1920 x 1080), IPS, verre bord \u00e0 bord, micro-bords, 250 nits, faible consommation, 45 % NTSC<\/li>\n<li>Carte graphique: Intel<\/li>\n<li>Syst\u00e8me d&#8217;exploitation: Windows 11 \u00c9dition Familiale unilingue<\/li>\n<li>Clavier: Clavier argent naturel, r\u00e9tro\u00e9clair\u00e9, de grande taille, Fran\u00e7ais (AZERTY)<\/li>\n<li>Poids: 1,51 kg<\/li>\n<\/ul>\n","protected":false},"excerpt":{"rendered":"<p>Processeur: Intel\u00ae Core\u2122 i3-1315U (jusqu\u2019\u00e0 4,5 GHz avec la technologie Intel\u00ae Turbo Boost, 10 Mo de m\u00e9moire cache L3, 6 c\u0153urs, 8 threads) M\u00e9moire RAM: 8 Go de m\u00e9moire RAM DDR4-3200 MHz Disque dur: SSD PCIe\u00ae NVMe\u2122 M.2 512 Go \u00c9cran: Full HD multi-tactile de 35,6 cm (14 pouces) de diagonale, (1920 x 1080), IPS,<\/p>\n<div class=\"klb-readmore entry-button\"><a class=\"btn read-more\" href=\"https:\/\/almadina-technology.com\/?product=pc-portable-hp-pavilion-x360-845l5ea\">Read More<\/a><\/div>\n","protected":false},"featured_media":5261,"comment_status":"open","ping_status":"closed","template":"","meta":{"advanced_seo_description":"","jetpack_seo_html_title":"","jetpack_seo_noindex":false},"product_brand":[400],"product_cat":[161],"product_tag":[],"class_list":{"0":"post-5263","1":"product","2":"type-product","3":"status-publish","4":"has-post-thumbnail","6":"product_brand-hp","7":"product_cat-2-in-1-convertible-pc","9":"first","10":"instock","11":"shipping-taxable","12":"purchasable","13":"product-type-simple"},"jetpack_sharing_enabled":true,"_links":{"self":[{"href":"https:\/\/almadina-technology.com\/index.php?rest_route=\/wp\/v2\/product\/5263","targetHints":{"allow":["GET"]}}],"collection":[{"href":"https:\/\/almadina-technology.com\/index.php?rest_route=\/wp\/v2\/product"}],"about":[{"href":"https:\/\/almadina-technology.com\/index.php?rest_route=\/wp\/v2\/types\/product"}],"replies":[{"embeddable":true,"href":"https:\/\/almadina-technology.com\/index.php?rest_route=%2Fwp%2Fv2%2Fcomments&post=5263"}],"wp:featuredmedia":[{"embeddable":true,"href":"https:\/\/almadina-technology.com\/index.php?rest_route=\/wp\/v2\/media\/5261"}],"wp:attachment":[{"href":"https:\/\/almadina-technology.com\/index.php?rest_route=%2Fwp%2Fv2%2Fmedia&parent=5263"}],"wp:term":[{"taxonomy":"product_brand","embeddable":true,"href":"https:\/\/almadina-technology.com\/index.php?rest_route=%2Fwp%2Fv2%2Fproduct_brand&post=5263"},{"taxonomy":"product_cat","embeddable":true,"href":"https:\/\/almadina-technology.com\/index.php?rest_route=%2Fwp%2Fv2%2Fproduct_cat&post=5263"},{"taxonomy":"product_tag","embeddable":true,"href":"https:\/\/almadina-technology.com\/index.php?rest_route=%2Fwp%2Fv2%2Fproduct_tag&post=5263"}],"curies":[{"name":"wp","href":"https:\/\/api.w.org\/{rel}","templated":true}]}}